{"id":2500,"date":"2010-12-11T00:52:29","date_gmt":"2010-12-10T21:52:29","guid":{"rendered":"\/"},"modified":"2012-12-05T18:30:32","modified_gmt":"2012-12-05T14:30:32","slug":"labas12artinfo","status":"publish","type":"page","link":"http:\/\/arteology.ru\/fr\/artinfo\/labas12artinfo\/","title":{"rendered":""},"content":{"rendered":"<p>Il existe dans le monde de l\u2019art une th\u00e9orie qui veut que le cr\u00e9ateur qui sait remplir ses \u0153uvres de son propre v\u00e9cu et de sa perception du pr\u00e9sent, transcende le temps et l\u2019histoire et reste jeune et actuel pour l\u2019\u00e9ternit\u00e9. Tel est le cas d\u2019Alexandre Labas. Labas nous parle de son \u00e9poque et on a l\u2019impression de l\u2019entendre parler l\u00e0 et maintenant, il nous communique sa sensibilit\u00e9, sa vision du monde et on sent que cette sensibilit\u00e9 et cette vision appartiennent \u00e0 notre propre r\u00e9alit\u00e9. On a du mal \u00e0 croire, en voyant ces aquarelles, qu\u2019il s\u2019agit d\u2019\u0153uvres cr\u00e9\u00e9es il y a 80, voire 90 ans.<\/p>","protected":false},"excerpt":{"rendered":"<p>Il existe dans le monde de l\u2019art une th\u00e9orie qui veut que le cr\u00e9ateur qui sait remplir ses \u0153uvres de son propre v\u00e9cu et de sa perception du pr\u00e9sent, transcende le temps et l\u2019histoire et reste jeune et actuel pour l\u2019\u00e9ternit\u00e9. Tel est le cas d\u2019Alexandre Labas. Labas nous parle de son \u00e9poque et on [&hellip;]<\/p>\n","protected":false},"author":2,"featured_media":0,"parent":1188,"menu_order":0,"comment_status":"open","ping_status":"open","template":"art_artists_text.php","meta":{"ngg_post_thumbnail":0,"footnotes":""},"class_list":["post-2500","page","type-page","status-publish","hentry"],"_links":{"self":[{"href":"http:\/\/arteology.ru\/fr\/wp-json\/wp\/v2\/pages\/2500","targetHints":{"allow":["GET"]}}],"collection":[{"href":"http:\/\/arteology.ru\/fr\/wp-json\/wp\/v2\/pages"}],"about":[{"href":"http:\/\/arteology.ru\/fr\/wp-json\/wp\/v2\/types\/page"}],"author":[{"embeddable":true,"href":"http:\/\/arteology.ru\/fr\/wp-json\/wp\/v2\/users\/2"}],"replies":[{"embeddable":true,"href":"http:\/\/arteology.ru\/fr\/wp-json\/wp\/v2\/comments?post=2500"}],"version-history":[{"count":4,"href":"http:\/\/arteology.ru\/fr\/wp-json\/wp\/v2\/pages\/2500\/revisions"}],"predecessor-version":[{"id":2923,"href":"http:\/\/arteology.ru\/fr\/wp-json\/wp\/v2\/pages\/2500\/revisions\/2923"}],"up":[{"embeddable":true,"href":"http:\/\/arteology.ru\/fr\/wp-json\/wp\/v2\/pages\/1188"}],"wp:attachment":[{"href":"http:\/\/arteology.ru\/fr\/wp-json\/wp\/v2\/media?parent=2500"}],"curies":[{"name":"wp","href":"https:\/\/api.w.org\/{rel}","templated":true}]}}