{"id":4690,"date":"2012-11-12T16:04:39","date_gmt":"2012-11-12T12:04:39","guid":{"rendered":"\/?page_id=4690"},"modified":"2012-12-15T01:47:47","modified_gmt":"2012-12-14T21:47:47","slug":"shetininexhibitionartinfo","status":"publish","type":"page","link":"http:\/\/arteology.ru\/fr\/artinfo\/shetininexhibitionartinfo\/","title":{"rendered":""},"content":{"rendered":"<p>Le roman <em>Les gens des coins perdus<\/em> d\u2019Alexandre Malychkine (1937) a jou\u00e9 un r\u00f4le d\u00e9cisif dans l\u2019\u00e9volution du langage artistique et de la pens\u00e9e de Gueorgui Ch\u00e9tinine. Situ\u00e9 dans les ann\u00e9es 1920, le roman d\u00e9crit le quotidien des hommes et des femmes pris dans le tourbillon de l\u2019Histoire et oblig\u00e9s \u00e0 quitter leurs foyers pour aller chercher le bonheur dans les immenses chantiers du jeune pays des Soviets o\u00f9, malgr\u00e9 la pression id\u00e9ologique, la mis\u00e8re et les conditions inhumaines, naissent de simples rapports d\u2019amiti\u00e9 d\u2019affection.<br \/>\nCr\u00e9\u00e9es dans les ann\u00e9es cinquante, ces illustrations n\u2019ont malheureusement jamais \u00e9t\u00e9 \u00e9dit\u00e9es. Il suffit, cependant, d\u2019en voir quelques-unes pour se rendre compte qu\u2019il s\u2019agit de pi\u00e8ces d\u2019une \u0153uvre plastique int\u00e9grale dot\u00e9 de son propre rythme et d\u2019une imagerie particuli\u00e8re dont \u00e9mane une atmosph\u00e8re domin\u00e9e par l\u2019angoisse, le d\u00e9sarroi et l\u2019imminence d\u2019un grand vide.<br \/>\nC\u2019est entre autre sous l\u2019influence des <em>Gens des coins perdus<\/em> que Ch\u00e9tinine se tourne de plus en plus vers la litt\u00e9rature: au d\u00e9but des ann\u00e9es soixante-dix, il se lance dans l\u2019\u00e9criture du roman <em>Marthe et Marie<\/em>, travail qu\u2019il poursuivra inlassablement jusqu\u2019\u00e0 la fin de ses jours, mais qui ne d\u00e9bouchera jamais sur une publication. Entre 1970 et 1990, Ch\u00e9tinine dessine presque exclusivement les personnages de son roman et ses dessins repr\u00e9sentent, sans aucun doute, le sommet de sa carri\u00e8re artistique.<\/p>\n<p><\/p>","protected":false},"excerpt":{"rendered":"<p>Le roman Les gens des coins perdus d\u2019Alexandre Malychkine (1937) a jou\u00e9 un r\u00f4le d\u00e9cisif dans l\u2019\u00e9volution du langage artistique et de la pens\u00e9e de Gueorgui Ch\u00e9tinine. Situ\u00e9 dans les ann\u00e9es 1920, le roman d\u00e9crit le quotidien des hommes et des femmes pris dans le tourbillon de l\u2019Histoire et oblig\u00e9s \u00e0 quitter leurs foyers pour [&hellip;]<\/p>\n","protected":false},"author":2,"featured_media":0,"parent":1188,"menu_order":0,"comment_status":"open","ping_status":"open","template":"art_artists_text.php","meta":{"ngg_post_thumbnail":0,"footnotes":""},"class_list":["post-4690","page","type-page","status-publish","hentry"],"_links":{"self":[{"href":"http:\/\/arteology.ru\/fr\/wp-json\/wp\/v2\/pages\/4690","targetHints":{"allow":["GET"]}}],"collection":[{"href":"http:\/\/arteology.ru\/fr\/wp-json\/wp\/v2\/pages"}],"about":[{"href":"http:\/\/arteology.ru\/fr\/wp-json\/wp\/v2\/types\/page"}],"author":[{"embeddable":true,"href":"http:\/\/arteology.ru\/fr\/wp-json\/wp\/v2\/users\/2"}],"replies":[{"embeddable":true,"href":"http:\/\/arteology.ru\/fr\/wp-json\/wp\/v2\/comments?post=4690"}],"version-history":[{"count":3,"href":"http:\/\/arteology.ru\/fr\/wp-json\/wp\/v2\/pages\/4690\/revisions"}],"predecessor-version":[{"id":4876,"href":"http:\/\/arteology.ru\/fr\/wp-json\/wp\/v2\/pages\/4690\/revisions\/4876"}],"up":[{"embeddable":true,"href":"http:\/\/arteology.ru\/fr\/wp-json\/wp\/v2\/pages\/1188"}],"wp:attachment":[{"href":"http:\/\/arteology.ru\/fr\/wp-json\/wp\/v2\/media?parent=4690"}],"curies":[{"name":"wp","href":"https:\/\/api.w.org\/{rel}","templated":true}]}}