{"id":859,"date":"2010-03-31T18:11:01","date_gmt":"2010-03-31T15:11:01","guid":{"rendered":"http:\/\/blog.balaschov.ru\/?page_id=859"},"modified":"2012-04-19T14:59:07","modified_gmt":"2012-04-19T11:59:07","slug":"o-knigah-serii-novaya-istoriya-iskusstva","status":"publish","type":"page","link":"http:\/\/arteology.ru\/fr\/articles\/o-knigah-serii-novaya-istoriya-iskusstva\/","title":{"rendered":"\u041e \u043a\u043d\u0438\u0433\u0430\u0445 \u0441\u0435\u0440\u0438\u0438 \u00ab\u00a0\u041d\u043e\u0432\u0430\u044f \u0418\u0441\u0442\u043e\u0440\u0438\u044f \u0418\u0441\u043a\u0443\u0441\u0441\u0442\u0432\u0430\u00a0\u00bb"},"content":{"rendered":"<p>Lanc\u00e9e en 2004, la s\u00e9rie <em>Nouvelle Histoire de l&rsquo;Art<\/em> a pour but d&rsquo;explorer les pages inconnues de l&rsquo;art russe du vingti\u00e8me si\u00e8cle. Petit \u00e0 petit, ces pages deviennent chapitres, laissant appara\u00eetre des strates enti\u00e8res de la culture, pouvant remodeler l&rsquo;histoire de l&rsquo;art et restant, toutefois, d\u00e9daign\u00e9es par la modernit\u00e9 qui s&rsquo;est montr\u00e9e r\u00e9ticente ou incapable de les appr\u00e9hender.<\/p>\n<p>Les premiers livres de la s\u00e9rie sont consacr\u00e9s \u00e0 des artistes qui, bien que reconnus par les historiens de l&rsquo;art, sont en g\u00e9n\u00e9ral ignor\u00e9s par le grand public. Cet \u00e9tat des choses est le r\u00e9sultat de la censure \u00e0 laquelle est soumise la constitution du corpus de textes sur l&rsquo;histoire de l&rsquo;art. On aurait pu qualifier cette censure de politique, si, dans la critique de l&rsquo;art du XXe si\u00e8cle, ce mot n&rsquo;avait pas pris une autre connotation, enti\u00e8rement id\u00e9ologique. Pour nous, il s&rsquo;agirait plut\u00f4t de diff\u00e9rents desseins, strat\u00e9gies et \u00e9crits, de diff\u00e9rents mod\u00e8les de pratiques culturelles qui ont exist\u00e9 au cours du XXe si\u00e8cle. Qu&rsquo;est-ce <em>le politique <\/em>? Est-ce la sc\u00e8ne o\u00f9 l&rsquo;artiste fait son apparition ou est-ce le rideau qui le cache ? Dans quelle mesure l&rsquo;inscription du nom de l&rsquo;artiste dans la hi\u00e9rarchie institutionnelle de son \u00e9poque est-elle pertinente lorsqu&rsquo;il s&rsquo;agit de faire une relecture de l&rsquo;histoire ? Le temps est-il venu de donner un jugement critique \u00e0 l&rsquo;omission, voulue ou subie, du nom de l&rsquo;artiste de tout type de communication repr\u00e9sentant les int\u00e9r\u00eats de l&rsquo;\u00e9lite bureaucratique de l&rsquo;\u00e9poque ?<\/p>\n<p>La modernit\u00e9 a l&rsquo;habitude de lire l&rsquo;histoire de l&rsquo;art \u00e0 travers le prisme du politique. Aujourd&rsquo;hui, la question est de savoir si l&rsquo;homme moderne est capable de lire des textes politiques en les soumettant \u00e0 une critique bas\u00e9e sur son exp\u00e9rience culturelle. L&rsquo;art peut-il cr\u00e9er une optique qui permettrait \u00e0 l&rsquo;homme moderne de consid\u00e9rer la fa\u00e7on dont est repr\u00e9sent\u00e9 le r\u00e9el comme une comp\u00e9tition entre plusieurs programmes produisant et mettant en oeuvre les diff\u00e9rents sens qui d\u00e9terminent les formes et les voies qu&#8217;emprunte son existence ? Peut-on analyser l&rsquo;action du politique sur le culturel non seulement au pass\u00e9, mais aussi au pr\u00e9sent ? Autant de questions abord\u00e9es dans les livres de la <em>Nouvelle Histoire de l&rsquo;Art<\/em>.<\/p>\n<p><\/p>","protected":false},"excerpt":{"rendered":"<p>\u0418\u0437\u0434\u0430\u0442\u0435\u043b\u044c\u0441\u043a\u0430\u044f \u043f\u0440\u043e\u0433\u0440\u0430\u043c\u043c\u0430 \u00ab\u041d\u043e\u0432\u0430\u044f \u0418\u0441\u0442\u043e\u0440\u0438\u044f \u0418\u0441\u043a\u0443\u0441\u0441\u0442\u0432\u0430\u00bb \u043d\u0430\u0447\u0430\u0442\u0430 \u0432 2004 \u0433\u043e\u0434\u0443. \u0426\u0435\u043b\u044c \u043f\u0440\u043e\u0433\u0440\u0430\u043c\u043c\u044b \u2013 \u043f\u0443\u0431\u043b\u0438\u043a\u0430\u0446\u0438\u044f \u043c\u0430\u0442\u0435\u0440\u0438\u0430\u043b\u043e\u0432, \u043e\u0441\u0432\u0435\u0449\u0430\u044e\u0449\u0438\u0445 \u043c\u0430\u043b\u043e\u0438\u0437\u0432\u0435\u0441\u0442\u043d\u044b\u0435 \u0441\u0442\u0440\u0430\u043d\u0438\u0446\u044b \u0438\u0441\u0442\u043e\u0440\u0438\u0438 \u0440\u0443\u0441\u0441\u043a\u043e\u0433\u043e \u0438\u0441\u043a\u0443\u0441\u0441\u0442\u0432\u0430 \u0425\u0425 \u0432\u0435\u043a\u0430. \u0418\u0437 \u044d\u0442\u0438\u0445 \u0441\u0442\u0440\u0430\u043d\u0438\u0446 \u0441\u043e\u0431\u0438\u0440\u0430\u044e\u0442\u0441\u044f \u043d\u043e\u0432\u044b\u0435 \u0433\u043b\u0430\u0432\u044b \u0438\u0441\u0442\u043e\u0440\u0438\u0438.<\/p>\n","protected":false},"author":2,"featured_media":57,"parent":312,"menu_order":0,"comment_status":"open","ping_status":"open","template":"art_article_text.php","meta":{"ngg_post_thumbnail":0,"footnotes":""},"class_list":["post-859","page","type-page","status-publish","has-post-thumbnail","hentry"],"_links":{"self":[{"href":"http:\/\/arteology.ru\/fr\/wp-json\/wp\/v2\/pages\/859","targetHints":{"allow":["GET"]}}],"collection":[{"href":"http:\/\/arteology.ru\/fr\/wp-json\/wp\/v2\/pages"}],"about":[{"href":"http:\/\/arteology.ru\/fr\/wp-json\/wp\/v2\/types\/page"}],"author":[{"embeddable":true,"href":"http:\/\/arteology.ru\/fr\/wp-json\/wp\/v2\/users\/2"}],"replies":[{"embeddable":true,"href":"http:\/\/arteology.ru\/fr\/wp-json\/wp\/v2\/comments?post=859"}],"version-history":[{"count":7,"href":"http:\/\/arteology.ru\/fr\/wp-json\/wp\/v2\/pages\/859\/revisions"}],"predecessor-version":[{"id":862,"href":"http:\/\/arteology.ru\/fr\/wp-json\/wp\/v2\/pages\/859\/revisions\/862"}],"up":[{"embeddable":true,"href":"http:\/\/arteology.ru\/fr\/wp-json\/wp\/v2\/pages\/312"}],"wp:featuredmedia":[{"embeddable":true,"href":"http:\/\/arteology.ru\/fr\/wp-json\/wp\/v2\/media\/57"}],"wp:attachment":[{"href":"http:\/\/arteology.ru\/fr\/wp-json\/wp\/v2\/media?parent=859"}],"curies":[{"name":"wp","href":"https:\/\/api.w.org\/{rel}","templated":true}]}}